{"id":1888,"date":"2024-12-10T14:23:20","date_gmt":"2024-12-10T14:23:20","guid":{"rendered":"https:\/\/theposeidonwin.org\/terms-and-conditions\/"},"modified":"2026-02-27T13:48:06","modified_gmt":"2026-02-27T13:48:06","slug":"kasutustingimused","status":"publish","type":"page","link":"https:\/\/theposeidonwin.org\/et\/kasutustingimused\/","title":{"rendered":"Kasutustingimused"},"content":{"rendered":"<h1>Kasutustingimused<\/h1>\n<p><strong>J\u00f5ustumiskuup\u00e4ev: 01.12.2025<\/strong><\/p>\n<p>Tere tulemast veebisaidile theposeidonwin.org! K\u00e4esolevad kasutustingimused (\u201etingimused\u201d) reguleerivad teie veebisaidi kasutamist ja osalemist meie partnerprogrammis. Veebisaidile theposeidonwin.org sisenemise v\u00f5i selle kasutamisega n\u00f5ustute k\u00e4esolevate tingimustega. Kui te k\u00e4esolevate tingimustega ei n\u00f5ustu, palun hoiduge meie veebisaidi kasutamisest.<\/p>\n<h3>1. M\u00f5isted<\/h3>\n<ul>\n<li>\u201eMeie\u201d, \u201emeie\u201d, \u201emeid\u201d: viitab veebisaidile theposeidonwin.org.<\/li>\n<li>\u201ePartner\u201d: viitab isikutele v\u00f5i \u00fcksustele, kes osalevad meie partnerprogrammis.<\/li>\n<li>\u201eKasutaja\u201d: viitab k\u00f5igile meie veebisaidi k\u00fclastajatele v\u00f5i osalejatele.<\/li>\n<\/ul>\n<h3>2. Osalemise tingimused<\/h3>\n<p>Meie partnerprogrammis osalemiseks peate:<\/p>\n<ul>\n<li>Olema v\u00e4hemalt 18-aastane v\u00f5i olema j\u00f5udnud oma jurisdiktsioonis t\u00e4isealiseks.<\/li>\n<li>J\u00e4rgima k\u00f5iki kohaldatavaid seadusi ja eeskirju.<\/li>\n<li>Esitama t\u00e4pseid ja t\u00e4ielikke registreerimisandmeid.<\/li>\n<\/ul>\n<p>Meil on \u00f5igus oma \u00e4ran\u00e4gemisel osalemine keelduda v\u00f5i l\u00f5petada.<\/p>\n<h3>3. Partnerprogramm<\/h3>\n<p>Partnerid teenivad komisjonitasu vastavalt liiklusele ja klientidele, kes on suunatud veebisaidile theposeidonwin.org.<\/p>\n<ul>\n<li>Komisjonitasu struktuur, makseviisid ja k\u00fcnnised on \u00fcksikasjalikult kirjeldatud partnerlepingus.<\/li>\n<li>Partnerid ei tohi tegeleda pettuse v\u00f5i ebaeetiliste tegevustega, sealhulgas, kuid mitte ainult:\n<ul>\n<li>Sp\u00e4mmimine.<\/li>\n<li>Meie br\u00e4ndi v\u00e4\u00e4r esindamine.<\/li>\n<li>Kolmandate osapoolte \u00f5iguste rikkumine.<\/li>\n<\/ul>\n<\/li>\n<\/ul>\n<h3>4. Keelatud kasutamine<\/h3>\n<p>Kasutajad ja partnerid ei tohi:<\/p>\n<ul>\n<li>Kasutada meie platvormi ebaseaduslikel v\u00f5i lubamatutel eesm\u00e4rkidel.<\/li>\n<li>Edastada kahjulikku tarkvara v\u00f5i tegeleda tegevustega, mis h\u00e4irivad theposeidonwin.org funktsionaalsust.<\/li>\n<li>Avalikustada vale, eksitavat v\u00f5i laimavat sisu.<\/li>\n<\/ul>\n<p>K\u00f5ikide nende piirangute rikkumine v\u00f5ib kaasa tuua juurdep\u00e4\u00e4su v\u00f5i partneri staatuse l\u00f5petamise.<\/p>\n<h3>5. Intellektuaalomand<\/h3>\n<p>K\u00f5ik theposeidonwin.org veebisaidil olev sisu, kaubam\u00e4rgid, logod ja intellektuaalomand on theposeidonwin.org v\u00f5i selle litsentsiandjate ainuomand. Te ei tohi kasutada, reprodutseerida ega levitada mingit sisu ilma meie selges\u00f5nalise kirjaliku loata.<\/p>\n<h3>6. Privaatsuspoliitika<\/h3>\n<p>Teie kasutamine theposeidonwin.org on meie privaatsuspoliitika objektiks. Meie prioriteet on teie isikuandmete kaitse.<\/p>\n<h3>7. Vastuulauseke<\/h3>\n<p>theposeidonwin.org pakutakse \u201enagu on\u201c ilma mingite garantiideta, otseste v\u00f5i kaudsete. Me ei garanteeri veebilehe katkematut v\u00f5i veavaba t\u00f6\u00f6tamist ega pakutava teabe t\u00e4psust.<\/p>\n<h3>8. Vastutuse piiramine<\/h3>\n<p>Seadusega lubatud ulatuses:<\/p>\n<ul>\n<li>theposeidonwin.org ei vastuta otseste, kaudsete, juhuslike v\u00f5i tagaj\u00e4rjeliste kahjude eest, mis tulenevad veebisaidi kasutamisest v\u00f5i partnerprogrammis osalemisest.<\/li>\n<li>See h\u00f5lmab kasumi, andmete v\u00f5i maine kaotust.<\/li>\n<\/ul>\n<h3>9. H\u00fcvitamine<\/h3>\n<p>Te n\u00f5ustute h\u00fcvitama ja hoidma theposeidonwin.org-i kahjuta mis tahes n\u00f5uetest, kahjudest, kohustustest v\u00f5i kuludest, mis tulenevad teie poolt veebisaidi kasutamisest, k\u00e4esolevate tingimuste rikkumisest v\u00f5i partnerprogrammis osalemisest.<\/p>\n<h3>10. L\u00f5petamine<\/h3>\n<p>Meil on \u00f5igus peatada v\u00f5i l\u00f5petada juurdep\u00e4\u00e4s theposeidonwin.org-ile v\u00f5i partnerprogrammile mis tahes p\u00f5hjusel, sealhulgas k\u00e4esolevate tingimuste rikkumise korral.<\/p>\n<h3>11. Tingimuste muutmine<\/h3>\n<p>theposeidonwin.org j\u00e4tab endale \u00f5iguse k\u00e4esolevaid tingimusi igal ajal uuendada v\u00f5i muuta. Muudatused j\u00f5ustuvad nende avaldamise hetkest. Veebisaidi j\u00e4tkuv kasutamine t\u00e4hendab uuendatud tingimuste aktsepteerimist.<\/p>\n<h3>12. V\u00f5tke meiega \u00fchendust<\/h3>\n<p>Kui teil on k\u00e4esolevate tingimustega seotud k\u00fcsimusi v\u00f5i muresid, k\u00fclastage meie kontaktilehte.<\/p>\n<p>Kasutades theposeidonwin.org veebisaiti, kinnitate, et olete k\u00e4esolevad tingimused l\u00e4bi lugenud, neist aru saanud ja nendega n\u00f5ustunud.<\/p>\n","protected":false},"excerpt":{"rendered":"<p>Kasutustingimused J\u00f5ustumiskuup\u00e4ev: 01.12.2025 Tere tulemast veebisaidile theposeidonwin.org! K\u00e4esolevad kasutustingimused (\u201etingimused\u201d) reguleerivad teie veebisaidi kasutamist ja osalemist meie partnerprogrammis. Veebisaidile theposeidonwin.org sisenemise v\u00f5i selle kasutamisega n\u00f5ustute k\u00e4esolevate tingimustega. Kui te k\u00e4esolevate tingimustega ei n\u00f5ustu, palun hoiduge meie veebisaidi kasutamisest. 1. M\u00f5isted \u201eMeie\u201d, \u201emeie\u201d, \u201emeid\u201d: viitab veebisaidile theposeidonwin.org. \u201ePartner\u201d: viitab isikutele v\u00f5i \u00fcksustele, kes osalevad meie partnerprogrammis. [&hellip;]<\/p>\n","protected":false},"author":1,"featured_media":0,"parent":0,"menu_order":0,"comment_status":"closed","ping_status":"closed","template":"template-builder.php","meta":{"_acf_changed":false,"inline_featured_image":false,"footnotes":""},"class_list":["post-1888","page","type-page","status-publish","hentry"],"acf":[],"yoast_head":"<!-- This site is optimized with the Yoast SEO plugin v27.3 - https:\/\/yoast.com\/product\/yoast-seo-wordpress\/ -->\n<title>Kasutustingimused<\/title>\n<meta name=\"description\" content=\"Avasta meie veebisait, sinu partnerplatvorm, mis on p\u00fchendatud online-kasiinodele. Lihtsad tingimused ja professionaalne tugi!\" \/>\n<meta name=\"robots\" content=\"noindex, follow\" \/>\n<meta property=\"og:locale\" content=\"et_EE\" \/>\n<meta property=\"og:type\" content=\"article\" \/>\n<meta property=\"og:title\" content=\"Kasutustingimused\" \/>\n<meta property=\"og:description\" content=\"Avasta meie veebisait, sinu partnerplatvorm, mis on p\u00fchendatud online-kasiinodele. Lihtsad tingimused ja professionaalne tugi!\" \/>\n<meta property=\"og:url\" content=\"https:\/\/theposeidonwin.org\/et\/kasutustingimused\/\" \/>\n<meta property=\"og:site_name\" content=\"poseidonwin\" \/>\n<meta property=\"article:modified_time\" content=\"2026-02-27T13:48:06+00:00\" \/>\n<meta name=\"twitter:card\" content=\"summary_large_image\" \/>\n<meta name=\"twitter:label1\" content=\"Est. reading time\" \/>\n\t<meta name=\"twitter:data1\" content=\"2 minutit\" \/>\n<script type=\"application\/ld+json\" class=\"yoast-schema-graph\">{\"@context\":\"https:\\\/\\\/schema.org\",\"@graph\":[{\"@type\":\"WebPage\",\"@id\":\"https:\\\/\\\/theposeidonwin.org\\\/et\\\/kasutustingimused\\\/\",\"url\":\"https:\\\/\\\/theposeidonwin.org\\\/et\\\/kasutustingimused\\\/\",\"name\":\"Kasutustingimused\",\"isPartOf\":{\"@id\":\"https:\\\/\\\/theposeidonwin.org\\\/et\\\/#website\"},\"datePublished\":\"2024-12-10T14:23:20+00:00\",\"dateModified\":\"2026-02-27T13:48:06+00:00\",\"description\":\"Avasta meie veebisait, sinu partnerplatvorm, mis on p\u00fchendatud online-kasiinodele. Lihtsad tingimused ja professionaalne tugi!\",\"breadcrumb\":{\"@id\":\"https:\\\/\\\/theposeidonwin.org\\\/et\\\/kasutustingimused\\\/#breadcrumb\"},\"inLanguage\":\"et\",\"potentialAction\":[{\"@type\":\"ReadAction\",\"target\":[\"https:\\\/\\\/theposeidonwin.org\\\/et\\\/kasutustingimused\\\/\"]}]},{\"@type\":\"BreadcrumbList\",\"@id\":\"https:\\\/\\\/theposeidonwin.org\\\/et\\\/kasutustingimused\\\/#breadcrumb\",\"itemListElement\":[{\"@type\":\"ListItem\",\"position\":1,\"name\":\"Poseidonwin\",\"item\":\"https:\\\/\\\/theposeidonwin.org\\\/et\\\/\"},{\"@type\":\"ListItem\",\"position\":2,\"name\":\"Kasutustingimused\"}]},{\"@type\":\"WebSite\",\"@id\":\"https:\\\/\\\/theposeidonwin.org\\\/et\\\/#website\",\"url\":\"https:\\\/\\\/theposeidonwin.org\\\/et\\\/\",\"name\":\"Poseidonwin\",\"description\":\"\",\"publisher\":{\"@id\":\"https:\\\/\\\/theposeidonwin.org\\\/et\\\/#organization\"},\"potentialAction\":[{\"@type\":\"SearchAction\",\"target\":{\"@type\":\"EntryPoint\",\"urlTemplate\":\"https:\\\/\\\/theposeidonwin.org\\\/et\\\/?s={search_term_string}\"},\"query-input\":{\"@type\":\"PropertyValueSpecification\",\"valueRequired\":true,\"valueName\":\"search_term_string\"}}],\"inLanguage\":\"et\"},{\"@type\":\"Organization\",\"@id\":\"https:\\\/\\\/theposeidonwin.org\\\/et\\\/#organization\",\"name\":\"Poseidonwin\",\"url\":\"https:\\\/\\\/theposeidonwin.org\\\/et\\\/\",\"logo\":{\"@type\":\"ImageObject\",\"inLanguage\":\"et\",\"@id\":\"https:\\\/\\\/theposeidonwin.org\\\/et\\\/#\\\/schema\\\/logo\\\/image\\\/\",\"url\":\"https:\\\/\\\/theposeidonwin.org\\\/wp-content\\\/uploads\\\/2026\\\/02\\\/poseidonwin-logo.svg\",\"contentUrl\":\"https:\\\/\\\/theposeidonwin.org\\\/wp-content\\\/uploads\\\/2026\\\/02\\\/poseidonwin-logo.svg\",\"width\":82,\"height\":24,\"caption\":\"Poseidonwin\"},\"image\":{\"@id\":\"https:\\\/\\\/theposeidonwin.org\\\/et\\\/#\\\/schema\\\/logo\\\/image\\\/\"}}]}<\/script>\n<!-- \/ Yoast SEO plugin. -->","yoast_head_json":{"title":"Kasutustingimused","description":"Avasta meie veebisait, sinu partnerplatvorm, mis on p\u00fchendatud online-kasiinodele. Lihtsad tingimused ja professionaalne tugi!","robots":{"index":"noindex","follow":"follow"},"og_locale":"et_EE","og_type":"article","og_title":"Kasutustingimused","og_description":"Avasta meie veebisait, sinu partnerplatvorm, mis on p\u00fchendatud online-kasiinodele. Lihtsad tingimused ja professionaalne tugi!","og_url":"https:\/\/theposeidonwin.org\/et\/kasutustingimused\/","og_site_name":"poseidonwin","article_modified_time":"2026-02-27T13:48:06+00:00","twitter_card":"summary_large_image","twitter_misc":{"Est. reading time":"2 minutit"},"schema":{"@context":"https:\/\/schema.org","@graph":[{"@type":"WebPage","@id":"https:\/\/theposeidonwin.org\/et\/kasutustingimused\/","url":"https:\/\/theposeidonwin.org\/et\/kasutustingimused\/","name":"Kasutustingimused","isPartOf":{"@id":"https:\/\/theposeidonwin.org\/et\/#website"},"datePublished":"2024-12-10T14:23:20+00:00","dateModified":"2026-02-27T13:48:06+00:00","description":"Avasta meie veebisait, sinu partnerplatvorm, mis on p\u00fchendatud online-kasiinodele. Lihtsad tingimused ja professionaalne tugi!","breadcrumb":{"@id":"https:\/\/theposeidonwin.org\/et\/kasutustingimused\/#breadcrumb"},"inLanguage":"et","potentialAction":[{"@type":"ReadAction","target":["https:\/\/theposeidonwin.org\/et\/kasutustingimused\/"]}]},{"@type":"BreadcrumbList","@id":"https:\/\/theposeidonwin.org\/et\/kasutustingimused\/#breadcrumb","itemListElement":[{"@type":"ListItem","position":1,"name":"Poseidonwin","item":"https:\/\/theposeidonwin.org\/et\/"},{"@type":"ListItem","position":2,"name":"Kasutustingimused"}]},{"@type":"WebSite","@id":"https:\/\/theposeidonwin.org\/et\/#website","url":"https:\/\/theposeidonwin.org\/et\/","name":"Poseidonwin","description":"","publisher":{"@id":"https:\/\/theposeidonwin.org\/et\/#organization"},"potentialAction":[{"@type":"SearchAction","target":{"@type":"EntryPoint","urlTemplate":"https:\/\/theposeidonwin.org\/et\/?s={search_term_string}"},"query-input":{"@type":"PropertyValueSpecification","valueRequired":true,"valueName":"search_term_string"}}],"inLanguage":"et"},{"@type":"Organization","@id":"https:\/\/theposeidonwin.org\/et\/#organization","name":"Poseidonwin","url":"https:\/\/theposeidonwin.org\/et\/","logo":{"@type":"ImageObject","inLanguage":"et","@id":"https:\/\/theposeidonwin.org\/et\/#\/schema\/logo\/image\/","url":"https:\/\/theposeidonwin.org\/wp-content\/uploads\/2026\/02\/poseidonwin-logo.svg","contentUrl":"https:\/\/theposeidonwin.org\/wp-content\/uploads\/2026\/02\/poseidonwin-logo.svg","width":82,"height":24,"caption":"Poseidonwin"},"image":{"@id":"https:\/\/theposeidonwin.org\/et\/#\/schema\/logo\/image\/"}}]}},"_links":{"self":[{"href":"https:\/\/theposeidonwin.org\/et\/wp-json\/wp\/v2\/pages\/1888","targetHints":{"allow":["GET"]}}],"collection":[{"href":"https:\/\/theposeidonwin.org\/et\/wp-json\/wp\/v2\/pages"}],"about":[{"href":"https:\/\/theposeidonwin.org\/et\/wp-json\/wp\/v2\/types\/page"}],"author":[{"embeddable":true,"href":"https:\/\/theposeidonwin.org\/et\/wp-json\/wp\/v2\/users\/1"}],"replies":[{"embeddable":true,"href":"https:\/\/theposeidonwin.org\/et\/wp-json\/wp\/v2\/comments?post=1888"}],"version-history":[{"count":2,"href":"https:\/\/theposeidonwin.org\/et\/wp-json\/wp\/v2\/pages\/1888\/revisions"}],"predecessor-version":[{"id":1909,"href":"https:\/\/theposeidonwin.org\/et\/wp-json\/wp\/v2\/pages\/1888\/revisions\/1909"}],"wp:attachment":[{"href":"https:\/\/theposeidonwin.org\/et\/wp-json\/wp\/v2\/media?parent=1888"}],"curies":[{"name":"wp","href":"https:\/\/api.w.org\/{rel}","templated":true}]}}