{"id":1885,"date":"2024-10-27T11:38:29","date_gmt":"2024-10-27T11:38:29","guid":{"rendered":"https:\/\/theposeidonwin.org\/privacy-policy\/"},"modified":"2026-02-27T13:46:35","modified_gmt":"2026-02-27T13:46:35","slug":"privaatsuspoliitika","status":"publish","type":"page","link":"https:\/\/theposeidonwin.org\/et\/privaatsuspoliitika\/","title":{"rendered":"Privaatsuspoliitika"},"content":{"rendered":"\r\n<h1 class=\"wp-block-heading\">Privaatsuspoliitika<\/h1>\r\n<h2>Kes me oleme<\/h2>\r\n<p>Meie veebiaadress on: theposeidonwin.org.<\/p>\r\n<h2>Kommentaarid<\/h2>\r\n<p>Kui k\u00fclastajad j\u00e4tavad veebisaidile kommentaare, kogume kommentaarivormis esitatud andmed, samuti k\u00fclastaja IP-aadressi ja kasutajaagendi stringi, et aidata tuvastada r\u00e4mpsposti.<\/p>\r\n<p>Teie e-posti aadressist loodud anon\u00fc\u00fcmne string (nn hash) v\u00f5ib edastada Gravatar-teenusele, et kontrollida, kas te seda kasutate. Gravatari privaatsuspoliitika on k\u00e4ttesaadav siin: https:\/\/automattic.com\/privacy\/. Kui teie kommentaar on heaks kiidetud, on teie profiilipilt kommentaari kontekstis \u00fcldsusele n\u00e4htav.<\/p>\r\n<h2>Meediafailid<\/h2>\r\n<p>Kui laadite veebisaidile \u00fcles pilte, peaksite v\u00e4ltima selliste piltide \u00fcleslaadimist, millesse on sisse ehitatud asukohaandmed (EXIF GPS). Veebisaidi k\u00fclastajad saavad alla laadida ja ekstraktida veebisaidil olevatest piltidest mis tahes asukohaandmeid.<\/p>\r\n<h2>K\u00fcpsised<\/h2>\r\n<p>Kui j\u00e4tate meie veebisaidile kommentaari, v\u00f5ite valida, kas soovite oma nime, e-posti aadressi ja veebisaidi k\u00fcpsistesse salvestada. See on teie mugavuse huvides, et te ei peaks oma andmeid uuesti sisestama, kui j\u00e4tate j\u00e4rgmise kommentaari. Need k\u00fcpsised kehtivad 1 aasta.<\/p>\r\n<p>Kui teil on veebisaidil konto ja te logite sisse, seadistame ajutise k\u00fcpsise, et teha kindlaks, kas teie brauser toetab k\u00fcpsiseid. K\u00fcpsis ei sisalda isikuandmeid ja kustutatakse, kui sulgete brauseri.<\/p>\r\n<p>Kui logite sisse, seadistame ka mitu k\u00fcpsist, et salvestada teavet teie sisselogimise ja ekraani seadeid kohta. Sisselogimise k\u00fcpsised kehtivad 2 p\u00e4eva ja ekraani seadeid k\u00e4sitlevad k\u00fcpsised kehtivad 1 aasta. Kui valite \u201eJ\u00e4ta meelde\u201d, kehtib teie sisselogimine 2 n\u00e4dalat. Kui logite oma kontolt v\u00e4lja, kustutatakse sisselogimisk\u00fcpsised.<\/p>\r\n<p>Kui redigeerite v\u00f5i avaldate artikli, salvestatakse teie brauserisse t\u00e4iendav k\u00fcpsis. See k\u00fcpsis ei sisalda isikuandmeid ja n\u00e4itab lihtsalt \u00e4sja redigeeritud artikli postituse ID-d. See aegub 1 p\u00e4eva p\u00e4rast.<\/p>\r\n<h2>Teistelt veebisaitidelt p\u00e4rit sisseehitatud sisu<\/h2>\r\n<p>Selle veebisaidi artiklid v\u00f5ivad sisaldada sisseehitatud sisu (nt videod, pildid, artiklid jne). Teistelt veebisaitidelt p\u00e4rit sisseehitatud sisu toimib t\u00e4pselt samamoodi, kui kasutaja oleks k\u00fclastanud teist veebisaiti.<\/p>\r\n<p>Need veebisaidid v\u00f5ivad koguda teie kohta andmeid, kasutada k\u00fcpsiseid, lisada kolmandate osapoolte j\u00e4lgimisrakendusi ja j\u00e4lgida teie suhtlust sisseehitatud sisuga. Eelk\u00f5ige j\u00e4lgitakse teie suhtlust sisseehitatud sisuga, kui teil on konto ja olete sellele veebisaidile sisse logitud.<\/p>\r\n<h2>Kellega me teie andmeid jagame?<\/h2>\r\n<p>Kui te taotlete parooli taastamist, lisatakse teie IP-aadress parooli taastamise e-kirja.<\/p>\r\n<h2>Kui kaua me teie andmeid s\u00e4ilitame?<\/h2>\r\n<p>Kui j\u00e4tate kommentaari, salvestatakse kommentaar ja selle metaandmed m\u00e4\u00e4ramata ajaks. See v\u00f5imaldab meil automaatselt tuvastada ja kinnitada k\u00f5ik j\u00e4rgnevad kommentaarid, selle asemel et hoida neid modereerimisj\u00e4rjekorras.<\/p>\r\n<p>Meie saidile registreerunud kasutajate (kui neid on) puhul s\u00e4ilitame nende kasutajaprofiilis esitatud isikuandmed. K\u00f5ik kasutajad saavad oma isikuandmeid igal ajal vaadata, muuta v\u00f5i kustutada (v\u00e4lja arvatud kasutajanimi, mida muuta ei saa). Ka saidi administraatorid saavad neid andmeid vaadata ja muuta.<\/p>\r\n<h2>Millised on teie \u00f5igused seoses teie andmetega?<\/h2>\r\n<p>Kui teil on sellel saidil konto v\u00f5i olete j\u00e4tnud kommentaare, v\u00f5ite taotleda meilt eksporditud faili teie kohta s\u00e4ilitatavate isikuandmetega, sealhulgas k\u00f5ik andmed, mille olete meile esitanud. Samuti v\u00f5ite taotleda, et kustutaksime k\u00f5ik teie kohta s\u00e4ilitatavad isikuandmed. See ei h\u00f5lma andmeid, mida me peame s\u00e4ilitama haldus-, \u00f5igus- v\u00f5i turvalisuse eesm\u00e4rkidel.<\/p>\r\n<h2>Kuhu teie andmed saadetakse<\/h2>\r\n<p>K\u00fclastajate kommentaare v\u00f5ib kontrollida automatiseeritud r\u00e4mpsposti tuvastamise teenuse abil.<\/p>\r\n","protected":false},"excerpt":{"rendered":"<p>Privaatsuspoliitika Kes me oleme Meie veebiaadress on: theposeidonwin.org. Kommentaarid Kui k\u00fclastajad j\u00e4tavad veebisaidile kommentaare, kogume kommentaarivormis esitatud andmed, samuti k\u00fclastaja IP-aadressi ja kasutajaagendi stringi, et aidata tuvastada r\u00e4mpsposti. Teie e-posti aadressist loodud anon\u00fc\u00fcmne string (nn hash) v\u00f5ib edastada Gravatar-teenusele, et kontrollida, kas te seda kasutate. Gravatari privaatsuspoliitika on k\u00e4ttesaadav siin: https:\/\/automattic.com\/privacy\/. Kui teie kommentaar on [&hellip;]<\/p>\n","protected":false},"author":1,"featured_media":0,"parent":0,"menu_order":0,"comment_status":"closed","ping_status":"open","template":"template-builder.php","meta":{"_acf_changed":false,"inline_featured_image":false,"footnotes":""},"class_list":["post-1885","page","type-page","status-publish","hentry"],"acf":[],"yoast_head":"<!-- This site is optimized with the Yoast SEO plugin v27.3 - https:\/\/yoast.com\/product\/yoast-seo-wordpress\/ -->\n<title>Privaatsuspoliitika<\/title>\n<meta name=\"description\" content=\"Tutvuge privaatsuspoliitikaga: kuidas teie isikuandmeid kogutakse, kasutatakse ja kaitstakse, et tagada turvaline m\u00e4ngukogemus.\" \/>\n<meta name=\"robots\" content=\"noindex, follow\" \/>\n<meta property=\"og:locale\" content=\"et_EE\" \/>\n<meta property=\"og:type\" content=\"article\" \/>\n<meta property=\"og:title\" content=\"Privaatsuspoliitika\" \/>\n<meta property=\"og:description\" content=\"Tutvuge privaatsuspoliitikaga: kuidas teie isikuandmeid kogutakse, kasutatakse ja kaitstakse, et tagada turvaline m\u00e4ngukogemus.\" \/>\n<meta property=\"og:url\" content=\"https:\/\/theposeidonwin.org\/et\/privaatsuspoliitika\/\" \/>\n<meta property=\"og:site_name\" content=\"poseidonwin\" \/>\n<meta property=\"article:modified_time\" content=\"2026-02-27T13:46:35+00:00\" \/>\n<meta name=\"twitter:card\" content=\"summary_large_image\" \/>\n<meta name=\"twitter:label1\" content=\"Est. reading time\" \/>\n\t<meta name=\"twitter:data1\" content=\"3 minutit\" \/>\n<script type=\"application\/ld+json\" class=\"yoast-schema-graph\">{\"@context\":\"https:\\\/\\\/schema.org\",\"@graph\":[{\"@type\":\"WebPage\",\"@id\":\"https:\\\/\\\/theposeidonwin.org\\\/et\\\/privaatsuspoliitika\\\/\",\"url\":\"https:\\\/\\\/theposeidonwin.org\\\/et\\\/privaatsuspoliitika\\\/\",\"name\":\"Privaatsuspoliitika\",\"isPartOf\":{\"@id\":\"https:\\\/\\\/theposeidonwin.org\\\/et\\\/#website\"},\"datePublished\":\"2024-10-27T11:38:29+00:00\",\"dateModified\":\"2026-02-27T13:46:35+00:00\",\"description\":\"Tutvuge privaatsuspoliitikaga: kuidas teie isikuandmeid kogutakse, kasutatakse ja kaitstakse, et tagada turvaline m\u00e4ngukogemus.\",\"breadcrumb\":{\"@id\":\"https:\\\/\\\/theposeidonwin.org\\\/et\\\/privaatsuspoliitika\\\/#breadcrumb\"},\"inLanguage\":\"et\",\"potentialAction\":[{\"@type\":\"ReadAction\",\"target\":[\"https:\\\/\\\/theposeidonwin.org\\\/et\\\/privaatsuspoliitika\\\/\"]}]},{\"@type\":\"BreadcrumbList\",\"@id\":\"https:\\\/\\\/theposeidonwin.org\\\/et\\\/privaatsuspoliitika\\\/#breadcrumb\",\"itemListElement\":[{\"@type\":\"ListItem\",\"position\":1,\"name\":\"Poseidonwin\",\"item\":\"https:\\\/\\\/theposeidonwin.org\\\/et\\\/\"},{\"@type\":\"ListItem\",\"position\":2,\"name\":\"Privaatsuspoliitika\"}]},{\"@type\":\"WebSite\",\"@id\":\"https:\\\/\\\/theposeidonwin.org\\\/et\\\/#website\",\"url\":\"https:\\\/\\\/theposeidonwin.org\\\/et\\\/\",\"name\":\"Poseidonwin\",\"description\":\"\",\"publisher\":{\"@id\":\"https:\\\/\\\/theposeidonwin.org\\\/et\\\/#organization\"},\"potentialAction\":[{\"@type\":\"SearchAction\",\"target\":{\"@type\":\"EntryPoint\",\"urlTemplate\":\"https:\\\/\\\/theposeidonwin.org\\\/et\\\/?s={search_term_string}\"},\"query-input\":{\"@type\":\"PropertyValueSpecification\",\"valueRequired\":true,\"valueName\":\"search_term_string\"}}],\"inLanguage\":\"et\"},{\"@type\":\"Organization\",\"@id\":\"https:\\\/\\\/theposeidonwin.org\\\/et\\\/#organization\",\"name\":\"Poseidonwin\",\"url\":\"https:\\\/\\\/theposeidonwin.org\\\/et\\\/\",\"logo\":{\"@type\":\"ImageObject\",\"inLanguage\":\"et\",\"@id\":\"https:\\\/\\\/theposeidonwin.org\\\/et\\\/#\\\/schema\\\/logo\\\/image\\\/\",\"url\":\"https:\\\/\\\/theposeidonwin.org\\\/wp-content\\\/uploads\\\/2026\\\/02\\\/poseidonwin-logo.svg\",\"contentUrl\":\"https:\\\/\\\/theposeidonwin.org\\\/wp-content\\\/uploads\\\/2026\\\/02\\\/poseidonwin-logo.svg\",\"width\":82,\"height\":24,\"caption\":\"Poseidonwin\"},\"image\":{\"@id\":\"https:\\\/\\\/theposeidonwin.org\\\/et\\\/#\\\/schema\\\/logo\\\/image\\\/\"}}]}<\/script>\n<!-- \/ Yoast SEO plugin. -->","yoast_head_json":{"title":"Privaatsuspoliitika","description":"Tutvuge privaatsuspoliitikaga: kuidas teie isikuandmeid kogutakse, kasutatakse ja kaitstakse, et tagada turvaline m\u00e4ngukogemus.","robots":{"index":"noindex","follow":"follow"},"og_locale":"et_EE","og_type":"article","og_title":"Privaatsuspoliitika","og_description":"Tutvuge privaatsuspoliitikaga: kuidas teie isikuandmeid kogutakse, kasutatakse ja kaitstakse, et tagada turvaline m\u00e4ngukogemus.","og_url":"https:\/\/theposeidonwin.org\/et\/privaatsuspoliitika\/","og_site_name":"poseidonwin","article_modified_time":"2026-02-27T13:46:35+00:00","twitter_card":"summary_large_image","twitter_misc":{"Est. reading time":"3 minutit"},"schema":{"@context":"https:\/\/schema.org","@graph":[{"@type":"WebPage","@id":"https:\/\/theposeidonwin.org\/et\/privaatsuspoliitika\/","url":"https:\/\/theposeidonwin.org\/et\/privaatsuspoliitika\/","name":"Privaatsuspoliitika","isPartOf":{"@id":"https:\/\/theposeidonwin.org\/et\/#website"},"datePublished":"2024-10-27T11:38:29+00:00","dateModified":"2026-02-27T13:46:35+00:00","description":"Tutvuge privaatsuspoliitikaga: kuidas teie isikuandmeid kogutakse, kasutatakse ja kaitstakse, et tagada turvaline m\u00e4ngukogemus.","breadcrumb":{"@id":"https:\/\/theposeidonwin.org\/et\/privaatsuspoliitika\/#breadcrumb"},"inLanguage":"et","potentialAction":[{"@type":"ReadAction","target":["https:\/\/theposeidonwin.org\/et\/privaatsuspoliitika\/"]}]},{"@type":"BreadcrumbList","@id":"https:\/\/theposeidonwin.org\/et\/privaatsuspoliitika\/#breadcrumb","itemListElement":[{"@type":"ListItem","position":1,"name":"Poseidonwin","item":"https:\/\/theposeidonwin.org\/et\/"},{"@type":"ListItem","position":2,"name":"Privaatsuspoliitika"}]},{"@type":"WebSite","@id":"https:\/\/theposeidonwin.org\/et\/#website","url":"https:\/\/theposeidonwin.org\/et\/","name":"Poseidonwin","description":"","publisher":{"@id":"https:\/\/theposeidonwin.org\/et\/#organization"},"potentialAction":[{"@type":"SearchAction","target":{"@type":"EntryPoint","urlTemplate":"https:\/\/theposeidonwin.org\/et\/?s={search_term_string}"},"query-input":{"@type":"PropertyValueSpecification","valueRequired":true,"valueName":"search_term_string"}}],"inLanguage":"et"},{"@type":"Organization","@id":"https:\/\/theposeidonwin.org\/et\/#organization","name":"Poseidonwin","url":"https:\/\/theposeidonwin.org\/et\/","logo":{"@type":"ImageObject","inLanguage":"et","@id":"https:\/\/theposeidonwin.org\/et\/#\/schema\/logo\/image\/","url":"https:\/\/theposeidonwin.org\/wp-content\/uploads\/2026\/02\/poseidonwin-logo.svg","contentUrl":"https:\/\/theposeidonwin.org\/wp-content\/uploads\/2026\/02\/poseidonwin-logo.svg","width":82,"height":24,"caption":"Poseidonwin"},"image":{"@id":"https:\/\/theposeidonwin.org\/et\/#\/schema\/logo\/image\/"}}]}},"_links":{"self":[{"href":"https:\/\/theposeidonwin.org\/et\/wp-json\/wp\/v2\/pages\/1885","targetHints":{"allow":["GET"]}}],"collection":[{"href":"https:\/\/theposeidonwin.org\/et\/wp-json\/wp\/v2\/pages"}],"about":[{"href":"https:\/\/theposeidonwin.org\/et\/wp-json\/wp\/v2\/types\/page"}],"author":[{"embeddable":true,"href":"https:\/\/theposeidonwin.org\/et\/wp-json\/wp\/v2\/users\/1"}],"replies":[{"embeddable":true,"href":"https:\/\/theposeidonwin.org\/et\/wp-json\/wp\/v2\/comments?post=1885"}],"version-history":[{"count":2,"href":"https:\/\/theposeidonwin.org\/et\/wp-json\/wp\/v2\/pages\/1885\/revisions"}],"predecessor-version":[{"id":1907,"href":"https:\/\/theposeidonwin.org\/et\/wp-json\/wp\/v2\/pages\/1885\/revisions\/1907"}],"wp:attachment":[{"href":"https:\/\/theposeidonwin.org\/et\/wp-json\/wp\/v2\/media?parent=1885"}],"curies":[{"name":"wp","href":"https:\/\/api.w.org\/{rel}","templated":true}]}}